{"id":110,"date":"2025-05-24T13:29:28","date_gmt":"2025-05-24T13:29:28","guid":{"rendered":"https:\/\/tarimhayvancilikdestek.com.tr\/?page_id=110"},"modified":"2025-05-24T13:29:28","modified_gmt":"2025-05-24T13:29:28","slug":"hava-durumu-takip-asistani","status":"publish","type":"page","link":"https:\/\/tarimhayvancilikdestek.com.tr\/index.php\/hava-durumu-takip-asistani\/","title":{"rendered":"Hava Durumu Takip Asistan\u0131"},"content":{"rendered":"\n<div class=\"wp-block-media-text alignfull is-stacked-on-mobile\" style=\"grid-template-columns:23% auto\"><figure class=\"wp-block-media-text__media\"><img loading=\"lazy\" decoding=\"async\" width=\"708\" height=\"940\" src=\"https:\/\/tarimhayvancilikdestek.com.tr\/wp-content\/uploads\/2025\/05\/Screenshot-2025-05-24-at-16.15.09.png\" alt=\"\" class=\"wp-image-112 size-full\" srcset=\"https:\/\/tarimhayvancilikdestek.com.tr\/wp-content\/uploads\/2025\/05\/Screenshot-2025-05-24-at-16.15.09.png 708w, https:\/\/tarimhayvancilikdestek.com.tr\/wp-content\/uploads\/2025\/05\/Screenshot-2025-05-24-at-16.15.09-226x300.png 226w\" sizes=\"auto, (max-width: 708px) 100vw, 708px\" \/><\/figure><div class=\"wp-block-media-text__content\">\n<p><strong>Neden ALSApp?<\/strong><\/p>\n\n\n\n<p>\u00c7\u00fcnk\u00fc tar\u0131m sadece toprakla de\u011fil, hava ile de yap\u0131l\u0131r.<\/p>\n\n\n\n<p>ALSApp, tar\u0131msal kararlar\u0131n\u0131z\u0131 bilin\u00e7li \u015fekilde alman\u0131z i\u00e7in konum bazl\u0131 hava durumu tahminlerini ve erken uyar\u0131 sistemlerini cebinize getirir. Don riski, ani ya\u011f\u0131\u015f, f\u0131rt\u0131na veya a\u015f\u0131r\u0131 s\u0131cakl\u0131k gibi \u00fcretimi do\u011frudan etkileyen olaylar \u00f6nceden bildirilir. B\u00f6ylece ekim, g\u00fcbreleme, sulama ve hasat gibi kritik s\u00fcre\u00e7leri hava ko\u015fullar\u0131na g\u00f6re planlayarak \u00fcr\u00fcn kayb\u0131n\u0131 azaltabilir, verimi art\u0131rabilirsiniz.<\/p>\n\n\n\n<p>G\u00fcnl\u00fck ya\u015fam\u0131n bir par\u00e7as\u0131 h\u00e2line gelen hava uygulamalar\u0131ndan farkl\u0131 olarak ALSApp, \u00e7ift\u00e7ilere \u00f6zel \u00f6neriler sunar ve hava verilerini tarladaki kay\u0131tlarla ili\u015fkilendirir. Bu sayede sadece hava durumunu g\u00f6rmekle kalmaz, ne yapman\u0131z gerekti\u011fini de \u00f6\u011frenirsiniz.<\/p>\n<\/div><\/div>\n\n\n\n<div class=\"wp-block-group alignfull is-layout-flow wp-container-core-group-is-layout-10d01144 wp-block-group-is-layout-flow\" style=\"margin-top:0px;margin-bottom:0px;padding-top:0px;padding-right:0px;padding-bottom:0px;padding-left:0px\">\n<div class=\"wp-block-columns are-vertically-aligned-center is-layout-flex wp-container-core-columns-is-layout-d2ca7aa4 wp-block-columns-is-layout-flex\">\n<div class=\"wp-block-column is-vertically-aligned-center is-layout-flow wp-block-column-is-layout-flow\" style=\"padding-top:32px;padding-right:32px;padding-bottom:32px;padding-left:32px\">\n<div class=\"wp-block-group is-layout-constrained wp-container-core-group-is-layout-6d6486c8 wp-block-group-is-layout-constrained\">\n<h2 class=\"wp-block-heading\">Konum Bazl\u0131 Tahmin ve <strong>Erken Uyar\u0131<\/strong><\/h2>\n\n\n\n<p>Bulundu\u011funuz k\u00f6y veya il\u00e7e baz\u0131nda \u00f6zel hava durumu tahminleri al\u0131n.<\/p>\n\n\n\n<p>S\u0131cakl\u0131k, r\u00fczgar, nem ve ya\u011f\u0131\u015f verilerini g\u00fcnl\u00fck olarak takip edin.<\/p>\n\n\n\n<p>Don, f\u0131rt\u0131na, dolu gibi riskli hava olaylar\u0131 i\u00e7in sistem sizi \u00f6nceden bilgilendirir.<\/p>\n\n\n\n<p>Uyar\u0131lar bildirim olarak do\u011frudan telefon ekran\u0131n\u0131za gelir.<\/p>\n\n\n\n<p>\u00d6nlem \u00f6nerileri ile zarar azalt\u0131labilir.<\/p>\n\n\n\n<div class=\"wp-block-buttons is-layout-flex wp-block-buttons-is-layout-flex\"><\/div>\n<\/div>\n<\/div>\n\n\n\n<div class=\"wp-block-column is-vertically-aligned-center has-raft-bg-alt-background-color has-background is-layout-flow wp-block-column-is-layout-flow\" style=\"padding-top:32px;padding-right:32px;padding-bottom:32px;padding-left:32px\">\n<figure class=\"wp-block-image aligncenter size-full is-resized\"><img decoding=\"async\" src=\"https:\/\/tarimhayvancilikdestek.com.tr\/wp-content\/themes\/raft\/assets\/img\/shape-010.svg\" alt=\"\" style=\"width:561px;height:auto\"\/><\/figure>\n<\/div>\n<\/div>\n\n\n\n<div class=\"wp-block-columns are-vertically-aligned-center is-layout-flex wp-container-core-columns-is-layout-d2ca7aa4 wp-block-columns-is-layout-flex\">\n<div class=\"wp-block-column is-vertically-aligned-center has-raft-bg-alt-background-color has-background is-layout-flow wp-block-column-is-layout-flow\" style=\"padding-top:32px;padding-right:32px;padding-bottom:32px;padding-left:32px\">\n<figure class=\"wp-block-image aligncenter size-full is-resized\"><img decoding=\"async\" src=\"https:\/\/tarimhayvancilikdestek.com.tr\/wp-content\/themes\/raft\/assets\/img\/shape-011.svg\" alt=\"\" style=\"width:451px;height:auto\"\/><\/figure>\n<\/div>\n\n\n\n<div class=\"wp-block-column is-vertically-aligned-center is-layout-flow wp-block-column-is-layout-flow\" style=\"padding-top:32px;padding-right:32px;padding-bottom:32px;padding-left:32px\">\n<div class=\"wp-block-group is-layout-constrained wp-container-core-group-is-layout-6d6486c8 wp-block-group-is-layout-constrained\">\n<h2 class=\"wp-block-heading\"><strong>Hava Verisi ile Kay\u0131t E\u015fle\u015fmesi<\/strong><\/h2>\n\n\n\n<p><br>Hangi g\u00fcn ne ekti\u011finizi, o g\u00fcnk\u00fc hava durumu ile ili\u015fkilendirebilirsiniz.<\/p>\n\n\n\n<p>Veriler d\u00fczenli olarak \u00e7ekilmekte al\u0131nmakta ve saatlik olarak g\u00fcncellenerek maksimum do\u011fru sonucu garanti eder.<\/p>\n\n\n\n<p>Verim analizlerinde daha do\u011fru sonu\u00e7lar elde etmenizi sa\u011flar.<\/p>\n\n\n\n<p><\/p>\n\n\n\n<div class=\"wp-block-buttons is-layout-flex wp-block-buttons-is-layout-flex\"><\/div>\n<\/div>\n<\/div>\n<\/div>\n\n\n\n<div class=\"wp-block-group alignfull is-layout-constrained wp-container-core-group-is-layout-c2b63da3 wp-block-group-is-layout-constrained\" style=\"margin-top:0px;margin-bottom:0px;padding-top:var(--wp--preset--spacing--80);padding-right:var(--wp--preset--spacing--40);padding-bottom:var(--wp--preset--spacing--80);padding-left:var(--wp--preset--spacing--40)\">\n<div class=\"wp-block-group alignwide is-layout-flow wp-block-group-is-layout-flow\">\n<div class=\"wp-block-columns is-layout-flex wp-container-core-columns-is-layout-643ced6b wp-block-columns-is-layout-flex\">\n<div class=\"wp-block-column is-layout-flow wp-block-column-is-layout-flow\">\n<p><\/p>\n\n\n\n<p>ALSApp, hava durumu verilerini g\u00fcvenilir bir a\u00e7\u0131k servis olan OpenWeatherMap API \u00fczerinden al\u0131r. Bu API, GPS verinize g\u00f6re bulundu\u011funuz lokasyona \u00f6zel 3, 5 ve 7 g\u00fcnl\u00fck hava tahminleri sunar. Uygulama, bu tahminleri her 3 saatte bir otomatik olarak g\u00fcnceller. Don, a\u015f\u0131r\u0131 s\u0131cakl\u0131k, ani ya\u011f\u0131\u015f gibi durumlar i\u00e7in belirlenen e\u015fik de\u011ferlerinin a\u015f\u0131lmas\u0131 durumunda sistem Firebase altyap\u0131s\u0131 \u00fczerinden kullan\u0131c\u0131ya bildirim g\u00f6nderir.<\/p>\n\n\n\n<hr class=\"wp-block-separator has-text-color has-raft-accent-color has-alpha-channel-opacity has-raft-accent-background-color has-background\"\/>\n\n\n\n<p class=\"has-large-font-size\">Hava durumu verileri yaln\u0131zca g\u00f6r\u00fcnt\u00fclenmekle kalmaz; ALSApp, bu verileri kay\u0131tlar\u0131n\u0131zla e\u015fle\u015ftirir.<\/p>\n<\/div>\n\n\n\n<div class=\"wp-block-column is-vertically-aligned-top is-layout-flow wp-block-column-is-layout-flow\">\n<p><\/p>\n\n\n\n<p><\/p>\n\n\n\n<p>\u00d6rne\u011fin bir g\u00fcbreleme i\u015flemini yapt\u0131\u011f\u0131n\u0131z tarihte ya\u011fmur ya\u011fm\u0131\u015fsa bu durum sistemde not al\u0131n\u0131r. Gelecekte bu veriler, basit makine \u00f6\u011frenmesi modelleriyle analiz edilerek \u201changi g\u00fcn ne yap\u0131lmal\u0131\u201d t\u00fcr\u00fcnden tavsiyelere d\u00f6n\u00fc\u015fecektir.<\/p>\n\n\n\n<p>ALSApp\u2019in bu mod\u00fcl\u00fc hafif yap\u0131da tasarlanm\u0131\u015ft\u0131r; d\u00fc\u015f\u00fck bant geni\u015fli\u011fi olan k\u0131rsal b\u00f6lgelerde bile \u00e7al\u0131\u015facak \u015fekilde optimize edilmi\u015ftir. Tahmin verileri k\u0131sa veri paketleri h\u00e2linde al\u0131n\u0131r ve uygulama i\u00e7inde \u00f6zetlenmi\u015f olarak sunulur.<\/p>\n<\/div>\n<\/div>\n<\/div>\n<\/div>\n<\/div>\n","protected":false},"excerpt":{"rendered":"<p>Neden ALSApp? \u00c7\u00fcnk\u00fc tar\u0131m sadece toprakla de\u011fil, hava ile de yap\u0131l\u0131r. ALSApp, tar\u0131msal kararlar\u0131n\u0131z\u0131 bilin\u00e7li \u015fekilde alman\u0131z i\u00e7in konum bazl\u0131 hava durumu tahminlerini ve erken uyar\u0131 sistemlerini cebinize getirir. Don riski, ani ya\u011f\u0131\u015f, f\u0131rt\u0131na veya a\u015f\u0131r\u0131 s\u0131cakl\u0131k gibi \u00fcretimi do\u011frudan etkileyen olaylar \u00f6nceden bildirilir. B\u00f6ylece ekim, g\u00fcbreleme, sulama ve hasat gibi kritik s\u00fcre\u00e7leri hava ko\u015fullar\u0131na [&hellip;]<\/p>\n","protected":false},"author":1,"featured_media":0,"parent":0,"menu_order":0,"comment_status":"closed","ping_status":"closed","template":"","meta":{"footnotes":""},"class_list":["post-110","page","type-page","status-publish","hentry"],"_links":{"self":[{"href":"https:\/\/tarimhayvancilikdestek.com.tr\/index.php\/wp-json\/wp\/v2\/pages\/110","targetHints":{"allow":["GET"]}}],"collection":[{"href":"https:\/\/tarimhayvancilikdestek.com.tr\/index.php\/wp-json\/wp\/v2\/pages"}],"about":[{"href":"https:\/\/tarimhayvancilikdestek.com.tr\/index.php\/wp-json\/wp\/v2\/types\/page"}],"author":[{"embeddable":true,"href":"https:\/\/tarimhayvancilikdestek.com.tr\/index.php\/wp-json\/wp\/v2\/users\/1"}],"replies":[{"embeddable":true,"href":"https:\/\/tarimhayvancilikdestek.com.tr\/index.php\/wp-json\/wp\/v2\/comments?post=110"}],"version-history":[{"count":1,"href":"https:\/\/tarimhayvancilikdestek.com.tr\/index.php\/wp-json\/wp\/v2\/pages\/110\/revisions"}],"predecessor-version":[{"id":113,"href":"https:\/\/tarimhayvancilikdestek.com.tr\/index.php\/wp-json\/wp\/v2\/pages\/110\/revisions\/113"}],"wp:attachment":[{"href":"https:\/\/tarimhayvancilikdestek.com.tr\/index.php\/wp-json\/wp\/v2\/media?parent=110"}],"curies":[{"name":"wp","href":"https:\/\/api.w.org\/{rel}","templated":true}]}}