{"id":152,"date":"2025-10-14T16:01:31","date_gmt":"2025-10-14T16:01:31","guid":{"rendered":"https:\/\/tarimhayvancilikdestek.com.tr\/?page_id=152"},"modified":"2025-10-14T16:01:31","modified_gmt":"2025-10-14T16:01:31","slug":"alsapp-arayuzu","status":"publish","type":"page","link":"https:\/\/tarimhayvancilikdestek.com.tr\/index.php\/alsapp-arayuzu\/","title":{"rendered":"ALSApp Aray\u00fcz\u00fc"},"content":{"rendered":"\n<blockquote class=\"wp-block-quote is-layout-flow wp-block-quote-is-layout-flow\">\n<p class=\"has-text-align-left\">Tar\u0131m ve hayvanc\u0131l\u0131kla ilgili ihtiyac\u0131n\u0131z olan her \u015feyi bulabilece\u011finiz kullan\u0131c\u0131 dostu ana ekran\u0131m\u0131za g\u00f6z at\u0131n.<\/p>\n<\/blockquote>\n\n\n\n<div class=\"wp-block-columns is-layout-flex wp-container-core-columns-is-layout-28f84493 wp-block-columns-is-layout-flex\">\n<div class=\"wp-block-column is-layout-flow wp-block-column-is-layout-flow\">\n<figure class=\"wp-block-image size-large\"><img loading=\"lazy\" decoding=\"async\" width=\"694\" height=\"1024\" src=\"https:\/\/tarimhayvancilikdestek.com.tr\/wp-content\/uploads\/2025\/10\/Screenshot-2025-10-14-at-19.01.13-694x1024.png\" alt=\"\" class=\"wp-image-172\" srcset=\"https:\/\/tarimhayvancilikdestek.com.tr\/wp-content\/uploads\/2025\/10\/Screenshot-2025-10-14-at-19.01.13-694x1024.png 694w, https:\/\/tarimhayvancilikdestek.com.tr\/wp-content\/uploads\/2025\/10\/Screenshot-2025-10-14-at-19.01.13-203x300.png 203w, https:\/\/tarimhayvancilikdestek.com.tr\/wp-content\/uploads\/2025\/10\/Screenshot-2025-10-14-at-19.01.13-768x1133.png 768w, https:\/\/tarimhayvancilikdestek.com.tr\/wp-content\/uploads\/2025\/10\/Screenshot-2025-10-14-at-19.01.13.png 858w\" sizes=\"auto, (max-width: 694px) 100vw, 694px\" \/><\/figure>\n<\/div>\n\n\n\n<div class=\"wp-block-column is-layout-flow wp-block-column-is-layout-flow\">\n<figure class=\"wp-block-image aligncenter size-large\"><img loading=\"lazy\" decoding=\"async\" width=\"699\" height=\"1024\" src=\"https:\/\/tarimhayvancilikdestek.com.tr\/wp-content\/uploads\/2025\/10\/WhatsApp-Image-2025-10-13-at-21.54.29-1-2-699x1024.jpeg\" alt=\"\" class=\"wp-image-160\" srcset=\"https:\/\/tarimhayvancilikdestek.com.tr\/wp-content\/uploads\/2025\/10\/WhatsApp-Image-2025-10-13-at-21.54.29-1-2-699x1024.jpeg 699w, https:\/\/tarimhayvancilikdestek.com.tr\/wp-content\/uploads\/2025\/10\/WhatsApp-Image-2025-10-13-at-21.54.29-1-2-205x300.jpeg 205w, https:\/\/tarimhayvancilikdestek.com.tr\/wp-content\/uploads\/2025\/10\/WhatsApp-Image-2025-10-13-at-21.54.29-1-2-768x1125.jpeg 768w, https:\/\/tarimhayvancilikdestek.com.tr\/wp-content\/uploads\/2025\/10\/WhatsApp-Image-2025-10-13-at-21.54.29-1-2.jpeg 874w\" sizes=\"auto, (max-width: 699px) 100vw, 699px\" \/><\/figure>\n<\/div>\n<\/div>\n\n\n\n<p>Bu panel, tar\u0131m ve hayvanc\u0131l\u0131kla ilgilenen kullan\u0131c\u0131lar\u0131n g\u00fcnl\u00fck ihtiya\u00e7lar\u0131n\u0131 tek ekranda takip edebilmesi i\u00e7in tasarlanm\u0131\u015ft\u0131r. <\/p>\n\n\n\n<p>G\u00fcncel hava durumu, s\u0131cakl\u0131k, nem ve r\u00fczg\u00e2r bilgilerine kolayca ula\u015fabilir, olas\u0131 riskler hakk\u0131nda anl\u0131k uyar\u0131lar alabilir ve mevcut destek programlar\u0131n\u0131 g\u00f6r\u00fcnt\u00fcleyebilirsiniz. <\/p>\n\n\n\n<p>T\u00fcm bu bilgiler sayesinde \u00fcretiminizi daha bilin\u00e7li planlayabilir, verimlili\u011finizi art\u0131rabilirsiniz.<\/p>\n\n\n\n<p>Ekran\u0131n alt k\u0131sm\u0131nda yer alan men\u00fc ile sayfalar aras\u0131nda kolayca ge\u00e7i\u015f yapabilirsiniz:<\/p>\n\n\n\n<ul class=\"wp-block-list\">\n<li><strong>Takip:<\/strong> \u00dcr\u00fcn ve hayvan kay\u0131tlar\u0131n\u0131z\u0131 izleyin.<\/li>\n\n\n\n<li><strong>Destekler:<\/strong> Ba\u015fvurabilece\u011finiz hibe ve kredi programlar\u0131n\u0131 g\u00f6r\u00fcnt\u00fcleyin.<\/li>\n\n\n\n<li><strong>Hava:<\/strong> G\u00fcncel hava durumu ve uyar\u0131lar\u0131 kontrol edin.<\/li>\n<\/ul>\n\n\n\n<hr class=\"wp-block-separator has-alpha-channel-opacity\"\/>\n\n\n\n<p><\/p>\n\n\n\n<blockquote class=\"wp-block-quote is-layout-flow wp-block-quote-is-layout-flow\">\n<p>\u00dcr\u00fcnlerinizi ve hayvanlar\u0131n\u0131z\u0131 kolayca kaydedin, takibini sa\u011flay\u0131n.<\/p>\n<\/blockquote>\n\n\n\n<div class=\"wp-block-columns is-layout-flex wp-container-core-columns-is-layout-28f84493 wp-block-columns-is-layout-flex\">\n<div class=\"wp-block-column is-layout-flow wp-block-column-is-layout-flow\">\n<figure class=\"wp-block-image size-large\"><img loading=\"lazy\" decoding=\"async\" width=\"703\" height=\"1024\" src=\"https:\/\/tarimhayvancilikdestek.com.tr\/wp-content\/uploads\/2025\/10\/Screenshot-2025-10-14-at-18.43.14-703x1024.png\" alt=\"\" class=\"wp-image-164\" srcset=\"https:\/\/tarimhayvancilikdestek.com.tr\/wp-content\/uploads\/2025\/10\/Screenshot-2025-10-14-at-18.43.14-703x1024.png 703w, https:\/\/tarimhayvancilikdestek.com.tr\/wp-content\/uploads\/2025\/10\/Screenshot-2025-10-14-at-18.43.14-206x300.png 206w, https:\/\/tarimhayvancilikdestek.com.tr\/wp-content\/uploads\/2025\/10\/Screenshot-2025-10-14-at-18.43.14-768x1118.png 768w, https:\/\/tarimhayvancilikdestek.com.tr\/wp-content\/uploads\/2025\/10\/Screenshot-2025-10-14-at-18.43.14.png 816w\" sizes=\"auto, (max-width: 703px) 100vw, 703px\" \/><\/figure>\n<\/div>\n\n\n\n<div class=\"wp-block-column is-layout-flow wp-block-column-is-layout-flow\">\n<figure class=\"wp-block-image size-large\"><img loading=\"lazy\" decoding=\"async\" width=\"703\" height=\"1024\" src=\"https:\/\/tarimhayvancilikdestek.com.tr\/wp-content\/uploads\/2025\/10\/Screenshot-2025-10-14-at-18.42.45-703x1024.png\" alt=\"\" class=\"wp-image-163\" srcset=\"https:\/\/tarimhayvancilikdestek.com.tr\/wp-content\/uploads\/2025\/10\/Screenshot-2025-10-14-at-18.42.45-703x1024.png 703w, https:\/\/tarimhayvancilikdestek.com.tr\/wp-content\/uploads\/2025\/10\/Screenshot-2025-10-14-at-18.42.45-206x300.png 206w, https:\/\/tarimhayvancilikdestek.com.tr\/wp-content\/uploads\/2025\/10\/Screenshot-2025-10-14-at-18.42.45-768x1119.png 768w, https:\/\/tarimhayvancilikdestek.com.tr\/wp-content\/uploads\/2025\/10\/Screenshot-2025-10-14-at-18.42.45.png 818w\" sizes=\"auto, (max-width: 703px) 100vw, 703px\" \/><\/figure>\n<\/div>\n<\/div>\n\n\n\n<p>\u00dcr\u00fcnlerinizi ve hayvanlar\u0131n\u0131z\u0131 sisteme kolayca kaydedebilir, hasat verimi, ila\u00e7lama ge\u00e7mi\u015fi, s\u00fct performans\u0131 gibi \u00f6nemli verileri d\u00fczenli olarak takip edebilirsiniz. <\/p>\n\n\n\n<p>T\u00fcm kay\u0131tlar\u0131n\u0131z g\u00fcvenli bir \u015fekilde saklan\u0131r ve diledi\u011finiz zaman ge\u00e7mi\u015f verilere g\u00f6z atarak \u00fcretim s\u00fcrecinizdeki geli\u015fimi analiz edebilirsiniz.<\/p>\n\n\n\n<p> Ayr\u0131ca sistem, verilerinizde ola\u011fand\u0131\u015f\u0131 bir durum tespit etti\u011finde size otomatik bildirim g\u00f6nderir; b\u00f6ylece olas\u0131 sorunlara erken m\u00fcdahale ederek kay\u0131plar\u0131 en aza indirebilir ve verimlili\u011finizi art\u0131rabilirsiniz.<\/p>\n\n\n\n<hr class=\"wp-block-separator has-alpha-channel-opacity\"\/>\n\n\n\n<blockquote class=\"wp-block-quote is-layout-flow wp-block-quote-is-layout-flow\">\n<p>Konumunuza g\u00f6re anl\u0131k ve detayl\u0131 hava durumunu takip edin.<\/p>\n<\/blockquote>\n\n\n\n<div class=\"wp-block-columns is-layout-flex wp-container-core-columns-is-layout-28f84493 wp-block-columns-is-layout-flex\">\n<div class=\"wp-block-column is-layout-flow wp-block-column-is-layout-flow\">\n<figure class=\"wp-block-image size-large\"><img loading=\"lazy\" decoding=\"async\" width=\"695\" height=\"1024\" src=\"https:\/\/tarimhayvancilikdestek.com.tr\/wp-content\/uploads\/2025\/10\/Screenshot-2025-10-14-at-18.49.09-695x1024.png\" alt=\"\" class=\"wp-image-165\" srcset=\"https:\/\/tarimhayvancilikdestek.com.tr\/wp-content\/uploads\/2025\/10\/Screenshot-2025-10-14-at-18.49.09-695x1024.png 695w, https:\/\/tarimhayvancilikdestek.com.tr\/wp-content\/uploads\/2025\/10\/Screenshot-2025-10-14-at-18.49.09-204x300.png 204w, https:\/\/tarimhayvancilikdestek.com.tr\/wp-content\/uploads\/2025\/10\/Screenshot-2025-10-14-at-18.49.09-768x1131.png 768w, https:\/\/tarimhayvancilikdestek.com.tr\/wp-content\/uploads\/2025\/10\/Screenshot-2025-10-14-at-18.49.09.png 820w\" sizes=\"auto, (max-width: 695px) 100vw, 695px\" \/><\/figure>\n<\/div>\n\n\n\n<div class=\"wp-block-column is-layout-flow wp-block-column-is-layout-flow\">\n<figure class=\"wp-block-image size-large\"><img loading=\"lazy\" decoding=\"async\" width=\"699\" height=\"1024\" src=\"https:\/\/tarimhayvancilikdestek.com.tr\/wp-content\/uploads\/2025\/10\/Screenshot-2025-10-14-at-18.49.28-699x1024.png\" alt=\"\" class=\"wp-image-166\" srcset=\"https:\/\/tarimhayvancilikdestek.com.tr\/wp-content\/uploads\/2025\/10\/Screenshot-2025-10-14-at-18.49.28-699x1024.png 699w, https:\/\/tarimhayvancilikdestek.com.tr\/wp-content\/uploads\/2025\/10\/Screenshot-2025-10-14-at-18.49.28-205x300.png 205w, https:\/\/tarimhayvancilikdestek.com.tr\/wp-content\/uploads\/2025\/10\/Screenshot-2025-10-14-at-18.49.28-768x1126.png 768w, https:\/\/tarimhayvancilikdestek.com.tr\/wp-content\/uploads\/2025\/10\/Screenshot-2025-10-14-at-18.49.28.png 820w\" sizes=\"auto, (max-width: 699px) 100vw, 699px\" \/><\/figure>\n<\/div>\n<\/div>\n\n\n\n<p>Bulundu\u011funuz b\u00f6lgeye veya \u00e7iftli\u011finizin konumuna g\u00f6re g\u00fcncel hava durumunu an\u0131nda g\u00f6r\u00fcnt\u00fcleyin. <\/p>\n\n\n\n<p>S\u0131cakl\u0131k, nem oran\u0131, r\u00fczg\u00e2r h\u0131z\u0131 ve hava ko\u015fullar\u0131 gibi verilerle \u00fcretim plan\u0131n\u0131z\u0131 daha bilin\u00e7li yapabilir, olumsuz hava ko\u015fullar\u0131na kar\u015f\u0131 \u00f6nceden \u00f6nlem alabilirsiniz. <\/p>\n\n\n\n<p>Harita \u00fczerinde \u00e7iftli\u011finizin konumunu g\u00f6rerek b\u00f6lgesel hava de\u011fi\u015fimlerini takip edebilir, verimli ve g\u00fcvenli bir \u00fcretim s\u00fcreci s\u00fcrd\u00fcrebilirsiniz.<\/p>\n\n\n\n<hr class=\"wp-block-separator has-alpha-channel-opacity\"\/>\n\n\n\n<blockquote class=\"wp-block-quote is-layout-flow wp-block-quote-is-layout-flow\">\n<p>Size \u00f6zel destek f\u0131rsatlar\u0131ndan haberdar olun ve kolayca ba\u015fvurun.<\/p>\n<\/blockquote>\n\n\n\n<div class=\"wp-block-columns is-layout-flex wp-container-core-columns-is-layout-28f84493 wp-block-columns-is-layout-flex\">\n<div class=\"wp-block-column is-layout-flow wp-block-column-is-layout-flow\">\n<figure class=\"wp-block-image size-large\"><img loading=\"lazy\" decoding=\"async\" width=\"697\" height=\"1024\" src=\"https:\/\/tarimhayvancilikdestek.com.tr\/wp-content\/uploads\/2025\/10\/Screenshot-2025-10-14-at-19.00.29-697x1024.png\" alt=\"\" class=\"wp-image-170\" srcset=\"https:\/\/tarimhayvancilikdestek.com.tr\/wp-content\/uploads\/2025\/10\/Screenshot-2025-10-14-at-19.00.29-697x1024.png 697w, https:\/\/tarimhayvancilikdestek.com.tr\/wp-content\/uploads\/2025\/10\/Screenshot-2025-10-14-at-19.00.29-204x300.png 204w, https:\/\/tarimhayvancilikdestek.com.tr\/wp-content\/uploads\/2025\/10\/Screenshot-2025-10-14-at-19.00.29-768x1129.png 768w, https:\/\/tarimhayvancilikdestek.com.tr\/wp-content\/uploads\/2025\/10\/Screenshot-2025-10-14-at-19.00.29.png 818w\" sizes=\"auto, (max-width: 697px) 100vw, 697px\" \/><\/figure>\n<\/div>\n\n\n\n<div class=\"wp-block-column is-layout-flow wp-block-column-is-layout-flow\">\n<figure class=\"wp-block-image size-large\"><img loading=\"lazy\" decoding=\"async\" width=\"707\" height=\"1024\" src=\"https:\/\/tarimhayvancilikdestek.com.tr\/wp-content\/uploads\/2025\/10\/Screenshot-2025-10-14-at-18.59.42-707x1024.png\" alt=\"\" class=\"wp-image-169\" srcset=\"https:\/\/tarimhayvancilikdestek.com.tr\/wp-content\/uploads\/2025\/10\/Screenshot-2025-10-14-at-18.59.42-707x1024.png 707w, https:\/\/tarimhayvancilikdestek.com.tr\/wp-content\/uploads\/2025\/10\/Screenshot-2025-10-14-at-18.59.42-207x300.png 207w, https:\/\/tarimhayvancilikdestek.com.tr\/wp-content\/uploads\/2025\/10\/Screenshot-2025-10-14-at-18.59.42-768x1112.png 768w, https:\/\/tarimhayvancilikdestek.com.tr\/wp-content\/uploads\/2025\/10\/Screenshot-2025-10-14-at-18.59.42.png 816w\" sizes=\"auto, (max-width: 707px) 100vw, 707px\" \/><\/figure>\n<\/div>\n<\/div>\n\n\n\n<p>Bu b\u00f6l\u00fcmde, tar\u0131m ve hayvanc\u0131l\u0131kla ilgili size \u00f6zel devlet desteklerini, hibe programlar\u0131n\u0131 ve te\u015fvik f\u0131rsatlar\u0131n\u0131 kolayca g\u00f6r\u00fcnt\u00fcleyebilirsiniz. <\/p>\n\n\n\n<p>Her destek program\u0131, kapsam\u0131, ba\u015fvuru \u015fartlar\u0131 ve sorumlu kurum bilgileriyle birlikte detayl\u0131 olarak sunulur. \u0130lgilendi\u011finiz destekle ilgili Resm\u00ee Gazete veya Bakanl\u0131k sayfas\u0131na do\u011frudan eri\u015ferek g\u00fcncel bilgilere ula\u015fabilir, ba\u015fvuru s\u00fcrecinizi g\u00fcvenle y\u00f6netebilirsiniz. <\/p>\n\n\n\n<p>B\u00f6ylece \u00fcretiminizi b\u00fcy\u00fctmek ve maliyetlerinizi azaltmak i\u00e7in en uygun f\u0131rsatlar\u0131 ka\u00e7\u0131rmadan de\u011ferlendirebilirsiniz.<br><\/p>\n","protected":false},"excerpt":{"rendered":"<p>Tar\u0131m ve hayvanc\u0131l\u0131kla ilgili ihtiyac\u0131n\u0131z olan her \u015feyi bulabilece\u011finiz kullan\u0131c\u0131 dostu ana ekran\u0131m\u0131za g\u00f6z at\u0131n. Bu panel, tar\u0131m ve hayvanc\u0131l\u0131kla ilgilenen kullan\u0131c\u0131lar\u0131n g\u00fcnl\u00fck ihtiya\u00e7lar\u0131n\u0131 tek ekranda takip edebilmesi i\u00e7in tasarlanm\u0131\u015ft\u0131r. G\u00fcncel hava durumu, s\u0131cakl\u0131k, nem ve r\u00fczg\u00e2r bilgilerine kolayca ula\u015fabilir, olas\u0131 riskler hakk\u0131nda anl\u0131k uyar\u0131lar alabilir ve mevcut destek programlar\u0131n\u0131 g\u00f6r\u00fcnt\u00fcleyebilirsiniz. T\u00fcm bu bilgiler sayesinde [&hellip;]<\/p>\n","protected":false},"author":1,"featured_media":0,"parent":0,"menu_order":0,"comment_status":"closed","ping_status":"closed","template":"","meta":{"footnotes":""},"class_list":["post-152","page","type-page","status-publish","hentry"],"_links":{"self":[{"href":"https:\/\/tarimhayvancilikdestek.com.tr\/index.php\/wp-json\/wp\/v2\/pages\/152","targetHints":{"allow":["GET"]}}],"collection":[{"href":"https:\/\/tarimhayvancilikdestek.com.tr\/index.php\/wp-json\/wp\/v2\/pages"}],"about":[{"href":"https:\/\/tarimhayvancilikdestek.com.tr\/index.php\/wp-json\/wp\/v2\/types\/page"}],"author":[{"embeddable":true,"href":"https:\/\/tarimhayvancilikdestek.com.tr\/index.php\/wp-json\/wp\/v2\/users\/1"}],"replies":[{"embeddable":true,"href":"https:\/\/tarimhayvancilikdestek.com.tr\/index.php\/wp-json\/wp\/v2\/comments?post=152"}],"version-history":[{"count":5,"href":"https:\/\/tarimhayvancilikdestek.com.tr\/index.php\/wp-json\/wp\/v2\/pages\/152\/revisions"}],"predecessor-version":[{"id":175,"href":"https:\/\/tarimhayvancilikdestek.com.tr\/index.php\/wp-json\/wp\/v2\/pages\/152\/revisions\/175"}],"wp:attachment":[{"href":"https:\/\/tarimhayvancilikdestek.com.tr\/index.php\/wp-json\/wp\/v2\/media?parent=152"}],"curies":[{"name":"wp","href":"https:\/\/api.w.org\/{rel}","templated":true}]}}