{"id":86,"date":"2025-05-24T11:21:08","date_gmt":"2025-05-24T11:21:08","guid":{"rendered":"https:\/\/tarimhayvancilikdestek.com.tr\/?page_id=86"},"modified":"2025-05-24T12:49:55","modified_gmt":"2025-05-24T12:49:55","slug":"ciftciler-icin","status":"publish","type":"page","link":"https:\/\/tarimhayvancilikdestek.com.tr\/index.php\/ciftciler-icin\/","title":{"rendered":"\u00c7ift\u00e7iler \u0130\u00e7in              Dijital Tar\u0131m Asistan\u0131"},"content":{"rendered":"\n<p><\/p>\n\n\n\n<div class=\"wp-block-media-text alignfull is-stacked-on-mobile\" style=\"grid-template-columns:18% auto\"><figure class=\"wp-block-media-text__media\"><img loading=\"lazy\" decoding=\"async\" width=\"640\" height=\"640\" src=\"https:\/\/tarimhayvancilikdestek.com.tr\/wp-content\/uploads\/2025\/05\/Ear-Of-Wheat-Clipart-Transparent-Background-Golden-Wheat-Ears-Wheat-Wheat-Receipt-Xiaoman-Wheat-Field-PNG-Image-For-Free-Download.jpeg\" alt=\"\" class=\"wp-image-103 size-full\" srcset=\"https:\/\/tarimhayvancilikdestek.com.tr\/wp-content\/uploads\/2025\/05\/Ear-Of-Wheat-Clipart-Transparent-Background-Golden-Wheat-Ears-Wheat-Wheat-Receipt-Xiaoman-Wheat-Field-PNG-Image-For-Free-Download.jpeg 640w, https:\/\/tarimhayvancilikdestek.com.tr\/wp-content\/uploads\/2025\/05\/Ear-Of-Wheat-Clipart-Transparent-Background-Golden-Wheat-Ears-Wheat-Wheat-Receipt-Xiaoman-Wheat-Field-PNG-Image-For-Free-Download-300x300.jpeg 300w, https:\/\/tarimhayvancilikdestek.com.tr\/wp-content\/uploads\/2025\/05\/Ear-Of-Wheat-Clipart-Transparent-Background-Golden-Wheat-Ears-Wheat-Wheat-Receipt-Xiaoman-Wheat-Field-PNG-Image-For-Free-Download-150x150.jpeg 150w\" sizes=\"auto, (max-width: 640px) 100vw, 640px\" \/><\/figure><div class=\"wp-block-media-text__content\">\n<blockquote class=\"wp-block-quote is-layout-flow wp-block-quote-is-layout-flow\">\n<p><strong>Neden ALSApp?<\/strong><\/p>\n<\/blockquote>\n\n\n\n<p>Tar\u0131mda verimlili\u011finizi art\u0131rmak, kay\u0131t tutmay\u0131 kolayla\u015ft\u0131rmak ve desteklere zaman\u0131nda ba\u015fvurabilmek i\u00e7in ALSApp sizinle. T\u00fcm tar\u0131msal faaliyetlerinizi telefonunuzdan takip edebilir, iklim de\u011fi\u015fikliklerine kar\u015f\u0131 erken \u00f6nlem alabilir ve \u00fcretiminizi daha bilin\u00e7li \u015fekilde planlayabilirsiniz.<\/p>\n\n\n\n<p><\/p>\n\n\n\n<p><\/p>\n<\/div><\/div>\n\n\n\n<div class=\"wp-block-group alignfull is-layout-flow wp-container-core-group-is-layout-10d01144 wp-block-group-is-layout-flow\" style=\"margin-top:0px;margin-bottom:0px;padding-top:0px;padding-right:0px;padding-bottom:0px;padding-left:0px\">\n<div class=\"wp-block-columns are-vertically-aligned-center is-layout-flex wp-container-core-columns-is-layout-d2ca7aa4 wp-block-columns-is-layout-flex\">\n<div class=\"wp-block-column is-vertically-aligned-center is-layout-flow wp-block-column-is-layout-flow\" style=\"padding-top:32px;padding-right:32px;padding-bottom:32px;padding-left:32px\">\n<div class=\"wp-block-group is-layout-constrained wp-container-core-group-is-layout-6d6486c8 wp-block-group-is-layout-constrained\">\n<h2 class=\"wp-block-heading\"><strong>Tarla ve \u00dcr\u00fcn Takibi<\/strong><\/h2>\n\n\n\n<p>Ekin bilgilerinizi kaydedin: t\u00fcr, tarih, g\u00fcbreleme, ila\u00e7lama.<\/p>\n\n\n\n<p>Hangi tarlada ne zaman ne ekildi\u011fini kolayca g\u00f6r\u00fcnt\u00fcleyin.<\/p>\n\n\n\n<p>Hasat tarihlerini ve ge\u00e7mi\u015f verim kay\u0131tlar\u0131n\u0131 inceleyin.<\/p>\n\n\n\n<div class=\"wp-block-buttons is-layout-flex wp-block-buttons-is-layout-flex\"><\/div>\n<\/div>\n<\/div>\n\n\n\n<div class=\"wp-block-column is-vertically-aligned-center has-raft-bg-alt-background-color has-background is-layout-flow wp-block-column-is-layout-flow\" style=\"padding-top:32px;padding-right:32px;padding-bottom:32px;padding-left:32px\">\n<figure class=\"wp-block-image aligncenter size-full is-resized\"><img decoding=\"async\" src=\"https:\/\/tarimhayvancilikdestek.com.tr\/wp-content\/themes\/raft\/assets\/img\/shape-010.svg\" alt=\"\" style=\"width:447px;height:auto\"\/><\/figure>\n<\/div>\n<\/div>\n\n\n\n<div class=\"wp-block-columns are-vertically-aligned-center is-layout-flex wp-container-core-columns-is-layout-d2ca7aa4 wp-block-columns-is-layout-flex\">\n<div class=\"wp-block-column is-vertically-aligned-center has-raft-bg-alt-background-color has-background is-layout-flow wp-block-column-is-layout-flow\" style=\"padding-top:32px;padding-right:32px;padding-bottom:32px;padding-left:32px\">\n<figure class=\"wp-block-image aligncenter size-full is-resized\"><img decoding=\"async\" src=\"https:\/\/tarimhayvancilikdestek.com.tr\/wp-content\/themes\/raft\/assets\/img\/shape-011.svg\" alt=\"\" style=\"width:418px;height:auto\"\/><\/figure>\n<\/div>\n\n\n\n<div class=\"wp-block-column is-vertically-aligned-center is-layout-flow wp-block-column-is-layout-flow\" style=\"padding-top:32px;padding-right:32px;padding-bottom:32px;padding-left:32px\">\n<div class=\"wp-block-group is-layout-constrained wp-container-core-group-is-layout-6d6486c8 wp-block-group-is-layout-constrained\">\n<h2 class=\"wp-block-heading\"><strong>Kay\u0131t Tutma Kolayl\u0131\u011f\u0131<\/strong><\/h2>\n\n\n\n<p>Ekin bazl\u0131 g\u00fcnl\u00fck kay\u0131t girme imkan\u0131.<\/p>\n\n\n\n<p>Offline \u00e7al\u0131\u015fma \u00f6zelli\u011fi sayesinde internet olmad\u0131\u011f\u0131nda da veri giri\u015fi yapabilirsiniz.<\/p>\n\n\n\n<p>T\u00fcm kay\u0131tlar g\u00fcvenli bi\u00e7imde saklan\u0131r ve yedeklenir.<\/p>\n\n\n\n<p><\/p>\n\n\n\n<div class=\"wp-block-buttons is-layout-flex wp-block-buttons-is-layout-flex\"><\/div>\n<\/div>\n<\/div>\n<\/div>\n\n\n\n<div class=\"wp-block-group alignfull is-layout-constrained wp-container-core-group-is-layout-c2b63da3 wp-block-group-is-layout-constrained\" style=\"margin-top:0px;margin-bottom:0px;padding-top:var(--wp--preset--spacing--80);padding-right:var(--wp--preset--spacing--40);padding-bottom:var(--wp--preset--spacing--80);padding-left:var(--wp--preset--spacing--40)\">\n<div class=\"wp-block-group alignwide is-layout-flow wp-block-group-is-layout-flow\">\n<div class=\"wp-block-columns is-layout-flex wp-container-core-columns-is-layout-643ced6b wp-block-columns-is-layout-flex\">\n<div class=\"wp-block-column is-layout-flow wp-block-column-is-layout-flow\">\n<p>ALSApp, \u00e7ift\u00e7ilerin tar\u0131msal faaliyetlerini daha verimli, d\u00fczenli ve veriye dayal\u0131 bir \u015fekilde y\u00f6netmelerini sa\u011flamak amac\u0131yla geli\u015ftirilen mobil tabanl\u0131 bir uygulamad\u0131r. Uygulama, tarla kay\u0131tlar\u0131n\u0131n dijitalle\u015ftirilmesini, hava durumu ve destek takibi gibi d\u0131\u015f kaynakl\u0131 bilgilerin entegre edilmesini ve sens\u00f6r deste\u011fiyle sahadan veri toplanmas\u0131n\u0131 kolayla\u015ft\u0131r\u0131r.<\/p>\n\n\n\n<hr class=\"wp-block-separator has-text-color has-raft-accent-color has-alpha-channel-opacity has-raft-accent-background-color has-background\"\/>\n\n\n\n<p class=\"has-large-font-size\">Uygulama &#8220;offline-first&#8221; prensibiyle \u00e7al\u0131\u015f\u0131r. Bu sayede internet ba\u011flant\u0131s\u0131n\u0131n zay\u0131f oldu\u011fu k\u0131rsal alanlarda dahi kullan\u0131c\u0131lar g\u00fcnl\u00fck kay\u0131tlar\u0131n\u0131 yapabilir, sistem bu verileri yerel bellekte saklar ve ba\u011flant\u0131 sa\u011fland\u0131\u011f\u0131nda otomatik olarak bulut sunucular\u0131na senkronize eder.<\/p>\n<\/div>\n\n\n\n<div class=\"wp-block-column is-vertically-aligned-top is-layout-flow wp-block-column-is-layout-flow\">\n<p>T\u00fcm veriler, PostgreSQL tabanl\u0131 bir veritaban\u0131nda g\u00fcvenli \u015fekilde saklan\u0131r; sens\u00f6r verileri ise esnek yap\u0131s\u0131yla bilinen MongoDB teknolojisiyle i\u015flenir. Bu hibrit veri yap\u0131s\u0131 sayesinde hem standart kay\u0131tlar hem de esnek sens\u00f6r verileri ayn\u0131 platformda \u00e7al\u0131\u015fabilir.<\/p>\n\n\n\n<h2 class=\"wp-block-heading has-small-font-size\" style=\"font-style:normal;font-weight:600;text-transform:uppercase\">\u00c7ift\u00e7ilere \u00f6zel aray\u00fcz, kullan\u0131c\u0131 dostu ikonlar, b\u00fcy\u00fck yaz\u0131 tipi ve sade men\u00fc<\/h2>\n\n\n\n<p>Kullan\u0131c\u0131lar tarlalar\u0131na ait bilgileri girerken sistem \u00f6nerilerde bulunur, ge\u00e7mi\u015f verilerle kar\u015f\u0131la\u015ft\u0131rmalar sunar. Ayr\u0131ca OpenWeatherMap API\u2019si ile entegre \u00e7al\u0131\u015fan hava durumu mod\u00fcl\u00fc, b\u00f6lgeye \u00f6zel don, f\u0131rt\u0131na veya a\u015f\u0131r\u0131 s\u0131cakl\u0131k gibi riskleri erkenden bildirerek \u00fcreticiye \u00f6nlem alma f\u0131rsat\u0131 tan\u0131r.<\/p>\n<\/div>\n<\/div>\n<\/div>\n<\/div>\n<\/div>\n","protected":false},"excerpt":{"rendered":"<p>Tarla ve \u00dcr\u00fcn Takibi Ekin bilgilerinizi kaydedin: t\u00fcr, tarih, g\u00fcbreleme, ila\u00e7lama. Hangi tarlada ne zaman ne ekildi\u011fini kolayca g\u00f6r\u00fcnt\u00fcleyin. Hasat tarihlerini ve ge\u00e7mi\u015f verim kay\u0131tlar\u0131n\u0131 inceleyin. Kay\u0131t Tutma Kolayl\u0131\u011f\u0131 Ekin bazl\u0131 g\u00fcnl\u00fck kay\u0131t girme imkan\u0131. Offline \u00e7al\u0131\u015fma \u00f6zelli\u011fi sayesinde internet olmad\u0131\u011f\u0131nda da veri giri\u015fi yapabilirsiniz. T\u00fcm kay\u0131tlar g\u00fcvenli bi\u00e7imde saklan\u0131r ve yedeklenir. ALSApp, \u00e7ift\u00e7ilerin tar\u0131msal [&hellip;]<\/p>\n","protected":false},"author":1,"featured_media":0,"parent":0,"menu_order":0,"comment_status":"closed","ping_status":"closed","template":"","meta":{"footnotes":""},"class_list":["post-86","page","type-page","status-publish","hentry"],"_links":{"self":[{"href":"https:\/\/tarimhayvancilikdestek.com.tr\/index.php\/wp-json\/wp\/v2\/pages\/86","targetHints":{"allow":["GET"]}}],"collection":[{"href":"https:\/\/tarimhayvancilikdestek.com.tr\/index.php\/wp-json\/wp\/v2\/pages"}],"about":[{"href":"https:\/\/tarimhayvancilikdestek.com.tr\/index.php\/wp-json\/wp\/v2\/types\/page"}],"author":[{"embeddable":true,"href":"https:\/\/tarimhayvancilikdestek.com.tr\/index.php\/wp-json\/wp\/v2\/users\/1"}],"replies":[{"embeddable":true,"href":"https:\/\/tarimhayvancilikdestek.com.tr\/index.php\/wp-json\/wp\/v2\/comments?post=86"}],"version-history":[{"count":5,"href":"https:\/\/tarimhayvancilikdestek.com.tr\/index.php\/wp-json\/wp\/v2\/pages\/86\/revisions"}],"predecessor-version":[{"id":105,"href":"https:\/\/tarimhayvancilikdestek.com.tr\/index.php\/wp-json\/wp\/v2\/pages\/86\/revisions\/105"}],"wp:attachment":[{"href":"https:\/\/tarimhayvancilikdestek.com.tr\/index.php\/wp-json\/wp\/v2\/media?parent=86"}],"curies":[{"name":"wp","href":"https:\/\/api.w.org\/{rel}","templated":true}]}}